{"id":4508,"date":"2024-03-04T15:37:51","date_gmt":"2024-03-04T20:37:51","guid":{"rendered":"https:\/\/planetariumcusco.com\/shop\/presentacion-privada\/"},"modified":"2026-02-12T11:03:02","modified_gmt":"2026-02-12T16:03:02","slug":"presentacion-privada","status":"publish","type":"product","link":"https:\/\/planetariumcusco.com\/es\/shop\/presentacion-privada\/","title":{"rendered":"Show Privado"},"content":{"rendered":"<p>Si quieres disfrutar de esta experiencia solo para ti y tu grupo, puedes reservar un SHOW PRIVADO.<\/p>\n<ul>\n<li>Los shows privados se realizan a las 7:45 pm en el segundo turno.<\/li>\n<li>La experiencia es la misma pero solo para ti. Sala de interpretaci\u00f3n, el domo y la observaci\u00f3n de estrellas (siempre dependiendo de las condiciones meteorol\u00f3gicas).<\/li>\n<li>Puede solicitarlo en el formulario de reserva, y se confirmar\u00e1 si es posible en las pr\u00f3ximas 24 horas. Si desea reservar para el mismo d\u00eda, por favor reserve por tel\u00e9fono. Gu\u00edas en ingl\u00e9s y espa\u00f1ol disponibles.<\/li>\n<\/ul>\n","protected":false},"excerpt":{"rendered":"<p>Si quieres disfrutar de esta experiencia solo para ti y tu grupo, puedes reservar un SHOW PRIVADO.<\/p>\n<ul>\n<li>Los shows privados se realizan a las 7:45 pm en el segundo turno.<\/li>\n<li>La experiencia es la misma pero solo para ti. Sala de interpretaci\u00f3n, el domo y la observaci\u00f3n de estrellas (siempre dependiendo de las condiciones meteorol\u00f3gicas).<\/li>\n<li>Puede solicitarlo en el formulario de reserva, y se confirmar\u00e1 si es posible en las pr\u00f3ximas 24 horas. Si desea reservar para el mismo d\u00eda, por favor reserve por tel\u00e9fono. Gu\u00edas en ingl\u00e9s y espa\u00f1ol disponibles.<\/li>\n<\/ul>\n","protected":false},"featured_media":3680,"comment_status":"open","ping_status":"closed","template":"","meta":[],"product_cat":[50],"product_tag":[],"class_list":{"0":"post-4508","1":"product","2":"type-product","3":"status-publish","4":"has-post-thumbnail","6":"product_cat-reservables-es","8":"first","9":"instock","10":"virtual","11":"product-type-simple"},"yoast_head":"<!-- This site is optimized with the Yoast SEO Premium plugin v23.6 (Yoast SEO v23.6) - https:\/\/yoast.com\/wordpress\/plugins\/seo\/ -->\n<title>Show Privado - Planetarium Cusco<\/title>\n<meta name=\"robots\" content=\"index, follow, max-snippet:-1, max-image-preview:large, max-video-preview:-1\" \/>\n<link rel=\"canonical\" href=\"https:\/\/planetariumcusco.com\/es\/shop\/presentacion-privada\/\" \/>\n<meta property=\"og:locale\" content=\"es_ES\" \/>\n<meta property=\"og:type\" content=\"article\" \/>\n<meta property=\"og:title\" content=\"Show Privado\" \/>\n<meta property=\"og:description\" content=\"Si quieres disfrutar de esta experiencia solo para ti y tu grupo, puedes reservar un SHOW PRIVADO.   Los shows privados se realizan a las 7:45 pm en el segundo turno.  La experiencia es la misma pero solo para ti. Sala de interpretaci\u00f3n, el domo y la observaci\u00f3n de estrellas (siempre dependiendo de las condiciones meteorol\u00f3gicas).  Puede solicitarlo en el formulario de reserva, y se confirmar\u00e1 si es posible en las pr\u00f3ximas 24 horas. Si desea reservar para el mismo d\u00eda, por favor reserve por tel\u00e9fono. Gu\u00edas en ingl\u00e9s y espa\u00f1ol disponibles.\" \/>\n<meta property=\"og:url\" content=\"https:\/\/planetariumcusco.com\/es\/shop\/presentacion-privada\/\" \/>\n<meta property=\"og:site_name\" content=\"Planetarium Cusco\" \/>\n<meta property=\"article:modified_time\" content=\"2026-02-12T16:03:02+00:00\" \/>\n<meta property=\"og:image\" content=\"https:\/\/planetariumcusco.com\/images\/2023\/11\/PrivatePresent.Main_.jpg\" \/>\n\t<meta property=\"og:image:width\" content=\"550\" \/>\n\t<meta property=\"og:image:height\" content=\"367\" \/>\n\t<meta property=\"og:image:type\" content=\"image\/jpeg\" \/>\n<meta name=\"twitter:card\" content=\"summary_large_image\" \/>\n<meta name=\"twitter:label1\" content=\"Tiempo de lectura\" \/>\n\t<meta name=\"twitter:data1\" content=\"1 minuto\" \/>\n<script type=\"application\/ld+json\" class=\"yoast-schema-graph\">{\"@context\":\"https:\/\/schema.org\",\"@graph\":[{\"@type\":\"WebPage\",\"@id\":\"https:\/\/planetariumcusco.com\/es\/shop\/presentacion-privada\/\",\"url\":\"https:\/\/planetariumcusco.com\/es\/shop\/presentacion-privada\/\",\"name\":\"Show Privado - Planetarium Cusco\",\"isPartOf\":{\"@id\":\"https:\/\/planetariumcusco.com\/#website\"},\"primaryImageOfPage\":{\"@id\":\"https:\/\/planetariumcusco.com\/es\/shop\/presentacion-privada\/#primaryimage\"},\"image\":{\"@id\":\"https:\/\/planetariumcusco.com\/es\/shop\/presentacion-privada\/#primaryimage\"},\"thumbnailUrl\":\"https:\/\/planetariumcusco.com\/images\/2023\/11\/PrivatePresent.Main_.jpg\",\"datePublished\":\"2024-03-04T20:37:51+00:00\",\"dateModified\":\"2026-02-12T16:03:02+00:00\",\"breadcrumb\":{\"@id\":\"https:\/\/planetariumcusco.com\/es\/shop\/presentacion-privada\/#breadcrumb\"},\"inLanguage\":\"es\",\"potentialAction\":[{\"@type\":\"ReadAction\",\"target\":[\"https:\/\/planetariumcusco.com\/es\/shop\/presentacion-privada\/\"]}]},{\"@type\":\"ImageObject\",\"inLanguage\":\"es\",\"@id\":\"https:\/\/planetariumcusco.com\/es\/shop\/presentacion-privada\/#primaryimage\",\"url\":\"https:\/\/planetariumcusco.com\/images\/2023\/11\/PrivatePresent.Main_.jpg\",\"contentUrl\":\"https:\/\/planetariumcusco.com\/images\/2023\/11\/PrivatePresent.Main_.jpg\",\"width\":550,\"height\":367},{\"@type\":\"BreadcrumbList\",\"@id\":\"https:\/\/planetariumcusco.com\/es\/shop\/presentacion-privada\/#breadcrumb\",\"itemListElement\":[{\"@type\":\"ListItem\",\"position\":1,\"name\":\"Home\",\"item\":\"https:\/\/planetariumcusco.com\/es\/home\/\"},{\"@type\":\"ListItem\",\"position\":2,\"name\":\"Shop\",\"item\":\"https:\/\/planetariumcusco.com\/shop\/\"},{\"@type\":\"ListItem\",\"position\":3,\"name\":\"Show Privado\"}]},{\"@type\":\"WebSite\",\"@id\":\"https:\/\/planetariumcusco.com\/#website\",\"url\":\"https:\/\/planetariumcusco.com\/\",\"name\":\"Planetarium Cusco\",\"description\":\"Planetarium Experiences in Cusco\",\"potentialAction\":[{\"@type\":\"SearchAction\",\"target\":{\"@type\":\"EntryPoint\",\"urlTemplate\":\"https:\/\/planetariumcusco.com\/?s={search_term_string}\"},\"query-input\":{\"@type\":\"PropertyValueSpecification\",\"valueRequired\":true,\"valueName\":\"search_term_string\"}}],\"inLanguage\":\"es\"}]}<\/script>\n<!-- \/ Yoast SEO Premium plugin. -->","yoast_head_json":{"title":"Show Privado - Planetarium Cusco","robots":{"index":"index","follow":"follow","max-snippet":"max-snippet:-1","max-image-preview":"max-image-preview:large","max-video-preview":"max-video-preview:-1"},"canonical":"https:\/\/planetariumcusco.com\/es\/shop\/presentacion-privada\/","og_locale":"es_ES","og_type":"article","og_title":"Show Privado","og_description":"Si quieres disfrutar de esta experiencia solo para ti y tu grupo, puedes reservar un SHOW PRIVADO.   Los shows privados se realizan a las 7:45 pm en el segundo turno.  La experiencia es la misma pero solo para ti. Sala de interpretaci\u00f3n, el domo y la observaci\u00f3n de estrellas (siempre dependiendo de las condiciones meteorol\u00f3gicas).  Puede solicitarlo en el formulario de reserva, y se confirmar\u00e1 si es posible en las pr\u00f3ximas 24 horas. Si desea reservar para el mismo d\u00eda, por favor reserve por tel\u00e9fono. Gu\u00edas en ingl\u00e9s y espa\u00f1ol disponibles.","og_url":"https:\/\/planetariumcusco.com\/es\/shop\/presentacion-privada\/","og_site_name":"Planetarium Cusco","article_modified_time":"2026-02-12T16:03:02+00:00","og_image":[{"width":550,"height":367,"url":"https:\/\/planetariumcusco.com\/images\/2023\/11\/PrivatePresent.Main_.jpg","type":"image\/jpeg"}],"twitter_card":"summary_large_image","twitter_misc":{"Tiempo de lectura":"1 minuto"},"schema":{"@context":"https:\/\/schema.org","@graph":[{"@type":"WebPage","@id":"https:\/\/planetariumcusco.com\/es\/shop\/presentacion-privada\/","url":"https:\/\/planetariumcusco.com\/es\/shop\/presentacion-privada\/","name":"Show Privado - Planetarium Cusco","isPartOf":{"@id":"https:\/\/planetariumcusco.com\/#website"},"primaryImageOfPage":{"@id":"https:\/\/planetariumcusco.com\/es\/shop\/presentacion-privada\/#primaryimage"},"image":{"@id":"https:\/\/planetariumcusco.com\/es\/shop\/presentacion-privada\/#primaryimage"},"thumbnailUrl":"https:\/\/planetariumcusco.com\/images\/2023\/11\/PrivatePresent.Main_.jpg","datePublished":"2024-03-04T20:37:51+00:00","dateModified":"2026-02-12T16:03:02+00:00","breadcrumb":{"@id":"https:\/\/planetariumcusco.com\/es\/shop\/presentacion-privada\/#breadcrumb"},"inLanguage":"es","potentialAction":[{"@type":"ReadAction","target":["https:\/\/planetariumcusco.com\/es\/shop\/presentacion-privada\/"]}]},{"@type":"ImageObject","inLanguage":"es","@id":"https:\/\/planetariumcusco.com\/es\/shop\/presentacion-privada\/#primaryimage","url":"https:\/\/planetariumcusco.com\/images\/2023\/11\/PrivatePresent.Main_.jpg","contentUrl":"https:\/\/planetariumcusco.com\/images\/2023\/11\/PrivatePresent.Main_.jpg","width":550,"height":367},{"@type":"BreadcrumbList","@id":"https:\/\/planetariumcusco.com\/es\/shop\/presentacion-privada\/#breadcrumb","itemListElement":[{"@type":"ListItem","position":1,"name":"Home","item":"https:\/\/planetariumcusco.com\/es\/home\/"},{"@type":"ListItem","position":2,"name":"Shop","item":"https:\/\/planetariumcusco.com\/shop\/"},{"@type":"ListItem","position":3,"name":"Show Privado"}]},{"@type":"WebSite","@id":"https:\/\/planetariumcusco.com\/#website","url":"https:\/\/planetariumcusco.com\/","name":"Planetarium Cusco","description":"Planetarium Experiences in Cusco","potentialAction":[{"@type":"SearchAction","target":{"@type":"EntryPoint","urlTemplate":"https:\/\/planetariumcusco.com\/?s={search_term_string}"},"query-input":{"@type":"PropertyValueSpecification","valueRequired":true,"valueName":"search_term_string"}}],"inLanguage":"es"}]}},"_links":{"self":[{"href":"https:\/\/planetariumcusco.com\/es\/wp-json\/wp\/v2\/product\/4508","targetHints":{"allow":["GET"]}}],"collection":[{"href":"https:\/\/planetariumcusco.com\/es\/wp-json\/wp\/v2\/product"}],"about":[{"href":"https:\/\/planetariumcusco.com\/es\/wp-json\/wp\/v2\/types\/product"}],"replies":[{"embeddable":true,"href":"https:\/\/planetariumcusco.com\/es\/wp-json\/wp\/v2\/comments?post=4508"}],"wp:featuredmedia":[{"embeddable":true,"href":"https:\/\/planetariumcusco.com\/es\/wp-json\/wp\/v2\/media\/3680"}],"wp:attachment":[{"href":"https:\/\/planetariumcusco.com\/es\/wp-json\/wp\/v2\/media?parent=4508"}],"wp:term":[{"taxonomy":"product_cat","embeddable":true,"href":"https:\/\/planetariumcusco.com\/es\/wp-json\/wp\/v2\/product_cat?post=4508"},{"taxonomy":"product_tag","embeddable":true,"href":"https:\/\/planetariumcusco.com\/es\/wp-json\/wp\/v2\/product_tag?post=4508"}],"curies":[{"name":"wp","href":"https:\/\/api.w.org\/{rel}","templated":true}]}}