{"id":4507,"date":"2024-02-20T17:08:41","date_gmt":"2024-02-20T22:08:41","guid":{"rendered":"https:\/\/planetariumcusco.com\/shop\/guarde-un-asiento-para-la-presentacion-diaria\/"},"modified":"2025-08-12T19:39:58","modified_gmt":"2025-08-13T00:39:58","slug":"presentacion-diaria","status":"publish","type":"product","link":"https:\/\/planetariumcusco.com\/es\/shop\/presentacion-diaria\/","title":{"rendered":"\u00a1Reserve ahora!"},"content":{"rendered":"","protected":false},"excerpt":{"rendered":"<p>Le ofrecemos sesiones en servicio colectivo (en grupo) y en servicio privado.<br \/>\nPuede revisar los horarios disponibles y elegir la opci\u00f3n que prefiera. Contamos con presentaciones en ingl\u00e9s y en espa\u00f1ol (separadas)<\/p>\n<p>En las funciones colectivas, partimos desde la Plaza Regocijo. Los esperamos en el medio de la plaza, al lado de la fuente. Nos reunimos con el grupo media hora antes de la sesi\u00f3n, verificamos sus reservas y luego los acompa\u00f1amos al transporte, en un proceso que dura entre 10\u00a0y\u00a015\u00a0minutos.<\/p>\n","protected":false},"featured_media":3673,"comment_status":"open","ping_status":"closed","template":"","meta":[],"product_cat":[50],"product_tag":[],"class_list":{"0":"post-4507","1":"product","2":"type-product","3":"status-publish","4":"has-post-thumbnail","6":"product_cat-reservables-es","8":"first","9":"instock","10":"shipping-taxable","11":"product-type-simple"},"yoast_head":"<!-- This site is optimized with the Yoast SEO Premium plugin v23.6 (Yoast SEO v23.6) - https:\/\/yoast.com\/wordpress\/plugins\/seo\/ -->\n<title>\u00a1Reserve ahora! - Planetarium Cusco<\/title>\n<meta name=\"robots\" content=\"index, follow, max-snippet:-1, max-image-preview:large, max-video-preview:-1\" \/>\n<link rel=\"canonical\" href=\"https:\/\/planetariumcusco.com\/es\/shop\/presentacion-diaria\/\" \/>\n<meta property=\"og:locale\" content=\"es_ES\" \/>\n<meta property=\"og:type\" content=\"article\" \/>\n<meta property=\"og:title\" content=\"\u00a1Reserve ahora!\" \/>\n<meta property=\"og:description\" content=\"Le ofrecemos sesiones en servicio colectivo (en grupo) y en servicio privado. Puede revisar los horarios disponibles y elegir la opci\u00f3n que prefiera. Contamos con presentaciones en ingl\u00e9s y en espa\u00f1ol (separadas)  En las funciones colectivas, partimos desde la Plaza Regocijo. Los esperamos en el medio de la plaza, al lado de la fuente. Nos reunimos con el grupo media hora antes de la sesi\u00f3n, verificamos sus reservas y luego los acompa\u00f1amos al transporte, en un proceso que dura entre 10\u00a0y\u00a015\u00a0minutos.\" \/>\n<meta property=\"og:url\" content=\"https:\/\/planetariumcusco.com\/es\/shop\/presentacion-diaria\/\" \/>\n<meta property=\"og:site_name\" content=\"Planetarium Cusco\" \/>\n<meta property=\"article:modified_time\" content=\"2025-08-13T00:39:58+00:00\" \/>\n<meta property=\"og:image\" content=\"https:\/\/planetariumcusco.com\/images\/2023\/11\/ExplanationInterpretationRoom.jpg\" \/>\n\t<meta property=\"og:image:width\" content=\"500\" \/>\n\t<meta property=\"og:image:height\" content=\"333\" \/>\n\t<meta property=\"og:image:type\" content=\"image\/jpeg\" \/>\n<meta name=\"twitter:card\" content=\"summary_large_image\" \/>\n<meta name=\"twitter:label1\" content=\"Tiempo de lectura\" \/>\n\t<meta name=\"twitter:data1\" content=\"1 minuto\" \/>\n<script type=\"application\/ld+json\" class=\"yoast-schema-graph\">{\"@context\":\"https:\/\/schema.org\",\"@graph\":[{\"@type\":\"WebPage\",\"@id\":\"https:\/\/planetariumcusco.com\/es\/shop\/presentacion-diaria\/\",\"url\":\"https:\/\/planetariumcusco.com\/es\/shop\/presentacion-diaria\/\",\"name\":\"\u00a1Reserve ahora! - Planetarium Cusco\",\"isPartOf\":{\"@id\":\"https:\/\/planetariumcusco.com\/#website\"},\"primaryImageOfPage\":{\"@id\":\"https:\/\/planetariumcusco.com\/es\/shop\/presentacion-diaria\/#primaryimage\"},\"image\":{\"@id\":\"https:\/\/planetariumcusco.com\/es\/shop\/presentacion-diaria\/#primaryimage\"},\"thumbnailUrl\":\"https:\/\/planetariumcusco.com\/images\/2023\/11\/ExplanationInterpretationRoom.jpg\",\"datePublished\":\"2024-02-20T22:08:41+00:00\",\"dateModified\":\"2025-08-13T00:39:58+00:00\",\"breadcrumb\":{\"@id\":\"https:\/\/planetariumcusco.com\/es\/shop\/presentacion-diaria\/#breadcrumb\"},\"inLanguage\":\"es\",\"potentialAction\":[{\"@type\":\"ReadAction\",\"target\":[\"https:\/\/planetariumcusco.com\/es\/shop\/presentacion-diaria\/\"]}]},{\"@type\":\"ImageObject\",\"inLanguage\":\"es\",\"@id\":\"https:\/\/planetariumcusco.com\/es\/shop\/presentacion-diaria\/#primaryimage\",\"url\":\"https:\/\/planetariumcusco.com\/images\/2023\/11\/ExplanationInterpretationRoom.jpg\",\"contentUrl\":\"https:\/\/planetariumcusco.com\/images\/2023\/11\/ExplanationInterpretationRoom.jpg\",\"width\":500,\"height\":333},{\"@type\":\"BreadcrumbList\",\"@id\":\"https:\/\/planetariumcusco.com\/es\/shop\/presentacion-diaria\/#breadcrumb\",\"itemListElement\":[{\"@type\":\"ListItem\",\"position\":1,\"name\":\"Home\",\"item\":\"https:\/\/planetariumcusco.com\/es\/home\/\"},{\"@type\":\"ListItem\",\"position\":2,\"name\":\"Shop\",\"item\":\"https:\/\/planetariumcusco.com\/shop\/\"},{\"@type\":\"ListItem\",\"position\":3,\"name\":\"\u00a1Reserve ahora!\"}]},{\"@type\":\"WebSite\",\"@id\":\"https:\/\/planetariumcusco.com\/#website\",\"url\":\"https:\/\/planetariumcusco.com\/\",\"name\":\"Planetarium Cusco\",\"description\":\"Planetarium Experiences in Cusco\",\"potentialAction\":[{\"@type\":\"SearchAction\",\"target\":{\"@type\":\"EntryPoint\",\"urlTemplate\":\"https:\/\/planetariumcusco.com\/?s={search_term_string}\"},\"query-input\":{\"@type\":\"PropertyValueSpecification\",\"valueRequired\":true,\"valueName\":\"search_term_string\"}}],\"inLanguage\":\"es\"}]}<\/script>\n<!-- \/ Yoast SEO Premium plugin. -->","yoast_head_json":{"title":"\u00a1Reserve ahora! - Planetarium Cusco","robots":{"index":"index","follow":"follow","max-snippet":"max-snippet:-1","max-image-preview":"max-image-preview:large","max-video-preview":"max-video-preview:-1"},"canonical":"https:\/\/planetariumcusco.com\/es\/shop\/presentacion-diaria\/","og_locale":"es_ES","og_type":"article","og_title":"\u00a1Reserve ahora!","og_description":"Le ofrecemos sesiones en servicio colectivo (en grupo) y en servicio privado. Puede revisar los horarios disponibles y elegir la opci\u00f3n que prefiera. Contamos con presentaciones en ingl\u00e9s y en espa\u00f1ol (separadas)  En las funciones colectivas, partimos desde la Plaza Regocijo. Los esperamos en el medio de la plaza, al lado de la fuente. Nos reunimos con el grupo media hora antes de la sesi\u00f3n, verificamos sus reservas y luego los acompa\u00f1amos al transporte, en un proceso que dura entre 10\u00a0y\u00a015\u00a0minutos.","og_url":"https:\/\/planetariumcusco.com\/es\/shop\/presentacion-diaria\/","og_site_name":"Planetarium Cusco","article_modified_time":"2025-08-13T00:39:58+00:00","og_image":[{"width":500,"height":333,"url":"https:\/\/planetariumcusco.com\/images\/2023\/11\/ExplanationInterpretationRoom.jpg","type":"image\/jpeg"}],"twitter_card":"summary_large_image","twitter_misc":{"Tiempo de lectura":"1 minuto"},"schema":{"@context":"https:\/\/schema.org","@graph":[{"@type":"WebPage","@id":"https:\/\/planetariumcusco.com\/es\/shop\/presentacion-diaria\/","url":"https:\/\/planetariumcusco.com\/es\/shop\/presentacion-diaria\/","name":"\u00a1Reserve ahora! - Planetarium Cusco","isPartOf":{"@id":"https:\/\/planetariumcusco.com\/#website"},"primaryImageOfPage":{"@id":"https:\/\/planetariumcusco.com\/es\/shop\/presentacion-diaria\/#primaryimage"},"image":{"@id":"https:\/\/planetariumcusco.com\/es\/shop\/presentacion-diaria\/#primaryimage"},"thumbnailUrl":"https:\/\/planetariumcusco.com\/images\/2023\/11\/ExplanationInterpretationRoom.jpg","datePublished":"2024-02-20T22:08:41+00:00","dateModified":"2025-08-13T00:39:58+00:00","breadcrumb":{"@id":"https:\/\/planetariumcusco.com\/es\/shop\/presentacion-diaria\/#breadcrumb"},"inLanguage":"es","potentialAction":[{"@type":"ReadAction","target":["https:\/\/planetariumcusco.com\/es\/shop\/presentacion-diaria\/"]}]},{"@type":"ImageObject","inLanguage":"es","@id":"https:\/\/planetariumcusco.com\/es\/shop\/presentacion-diaria\/#primaryimage","url":"https:\/\/planetariumcusco.com\/images\/2023\/11\/ExplanationInterpretationRoom.jpg","contentUrl":"https:\/\/planetariumcusco.com\/images\/2023\/11\/ExplanationInterpretationRoom.jpg","width":500,"height":333},{"@type":"BreadcrumbList","@id":"https:\/\/planetariumcusco.com\/es\/shop\/presentacion-diaria\/#breadcrumb","itemListElement":[{"@type":"ListItem","position":1,"name":"Home","item":"https:\/\/planetariumcusco.com\/es\/home\/"},{"@type":"ListItem","position":2,"name":"Shop","item":"https:\/\/planetariumcusco.com\/shop\/"},{"@type":"ListItem","position":3,"name":"\u00a1Reserve ahora!"}]},{"@type":"WebSite","@id":"https:\/\/planetariumcusco.com\/#website","url":"https:\/\/planetariumcusco.com\/","name":"Planetarium Cusco","description":"Planetarium Experiences in Cusco","potentialAction":[{"@type":"SearchAction","target":{"@type":"EntryPoint","urlTemplate":"https:\/\/planetariumcusco.com\/?s={search_term_string}"},"query-input":{"@type":"PropertyValueSpecification","valueRequired":true,"valueName":"search_term_string"}}],"inLanguage":"es"}]}},"_links":{"self":[{"href":"https:\/\/planetariumcusco.com\/es\/wp-json\/wp\/v2\/product\/4507","targetHints":{"allow":["GET"]}}],"collection":[{"href":"https:\/\/planetariumcusco.com\/es\/wp-json\/wp\/v2\/product"}],"about":[{"href":"https:\/\/planetariumcusco.com\/es\/wp-json\/wp\/v2\/types\/product"}],"replies":[{"embeddable":true,"href":"https:\/\/planetariumcusco.com\/es\/wp-json\/wp\/v2\/comments?post=4507"}],"wp:featuredmedia":[{"embeddable":true,"href":"https:\/\/planetariumcusco.com\/es\/wp-json\/wp\/v2\/media\/3673"}],"wp:attachment":[{"href":"https:\/\/planetariumcusco.com\/es\/wp-json\/wp\/v2\/media?parent=4507"}],"wp:term":[{"taxonomy":"product_cat","embeddable":true,"href":"https:\/\/planetariumcusco.com\/es\/wp-json\/wp\/v2\/product_cat?post=4507"},{"taxonomy":"product_tag","embeddable":true,"href":"https:\/\/planetariumcusco.com\/es\/wp-json\/wp\/v2\/product_tag?post=4507"}],"curies":[{"name":"wp","href":"https:\/\/api.w.org\/{rel}","templated":true}]}}