{"id":6717,"date":"2024-08-16T16:02:37","date_gmt":"2024-08-16T21:02:37","guid":{"rendered":"https:\/\/planetariumcusco.com\/programa-educativo\/"},"modified":"2024-08-16T16:12:19","modified_gmt":"2024-08-16T21:12:19","slug":"programa-educativo","status":"publish","type":"page","link":"https:\/\/planetariumcusco.com\/es\/programa-educativo\/","title":{"rendered":"Programa Educativo"},"content":{"rendered":"\t\t<div data-elementor-type=\"wp-page\" data-elementor-id=\"6717\" class=\"elementor elementor-6717 elementor-6704\" data-elementor-post-type=\"page\">\n\t\t\t\t<div class=\"elementor-element elementor-element-599ab21 elementor-hidden-mobile e-flex e-con-boxed e-con e-parent\" data-id=\"599ab21\" data-element_type=\"container\" data-settings=\"{&quot;background_background&quot;:&quot;classic&quot;,&quot;jet_parallax_layout_list&quot;:[]}\">\n\t\t\t\t\t<div class=\"e-con-inner\">\n\t\t<div class=\"elementor-element elementor-element-82605d3 e-con-full e-flex e-con e-child\" data-id=\"82605d3\" data-element_type=\"container\" data-settings=\"{&quot;jet_parallax_layout_list&quot;:[]}\">\n\t\t\t\t<div class=\"elementor-element elementor-element-8f3986a elementor-widget elementor-widget-heading\" data-id=\"8f3986a\" data-element_type=\"widget\" data-widget_type=\"heading.default\">\n\t\t\t\t<div class=\"elementor-widget-container\">\n\t\t\t<style>\/*! elementor - v3.22.0 - 17-06-2024 *\/\n.elementor-heading-title{padding:0;margin:0;line-height:1}.elementor-widget-heading .elementor-heading-title[class*=elementor-size-]>a{color:inherit;font-size:inherit;line-height:inherit}.elementor-widget-heading .elementor-heading-title.elementor-size-small{font-size:15px}.elementor-widget-heading .elementor-heading-title.elementor-size-medium{font-size:19px}.elementor-widget-heading .elementor-heading-title.elementor-size-large{font-size:29px}.elementor-widget-heading .elementor-heading-title.elementor-size-xl{font-size:39px}.elementor-widget-heading .elementor-heading-title.elementor-size-xxl{font-size:59px}<\/style><h2 class=\"elementor-heading-title elementor-size-default\">Programa Educativo<\/h2>\t\t<\/div>\n\t\t\t\t<\/div>\n\t\t\t\t<div class=\"elementor-element elementor-element-ebaf33c elementor-widget elementor-widget-text-editor\" data-id=\"ebaf33c\" data-element_type=\"widget\" data-widget_type=\"text-editor.default\">\n\t\t\t\t<div class=\"elementor-widget-container\">\n\t\t\t<style>\/*! elementor - v3.22.0 - 17-06-2024 *\/\n.elementor-widget-text-editor.elementor-drop-cap-view-stacked .elementor-drop-cap{background-color:#69727d;color:#fff}.elementor-widget-text-editor.elementor-drop-cap-view-framed .elementor-drop-cap{color:#69727d;border:3px solid;background-color:transparent}.elementor-widget-text-editor:not(.elementor-drop-cap-view-default) .elementor-drop-cap{margin-top:8px}.elementor-widget-text-editor:not(.elementor-drop-cap-view-default) .elementor-drop-cap-letter{width:1em;height:1em}.elementor-widget-text-editor .elementor-drop-cap{float:left;text-align:center;line-height:1;font-size:50px}.elementor-widget-text-editor .elementor-drop-cap-letter{display:inline-block}<\/style>\t\t\t\t<p>Esta es una pre-reserva, el resto se paga en el planetario.<\/p>\n\t\t\t\t\t\t<\/div>\n\t\t\t\t<\/div>\n\t\t\t\t<\/div>\n\t\t<div class=\"elementor-element elementor-element-2af48e9 e-con-full e-flex e-con e-child\" data-id=\"2af48e9\" data-element_type=\"container\" data-settings=\"{&quot;jet_parallax_layout_list&quot;:[]}\">\n\t\t\t\t<div class=\"elementor-element elementor-element-69873c1 elementor-widget elementor-widget-heading\" data-id=\"69873c1\" data-element_type=\"widget\" data-widget_type=\"heading.default\">\n\t\t\t\t<div class=\"elementor-widget-container\">\n\t\t\t<h2 class=\"elementor-heading-title elementor-size-default\">Desde: S\/ 85.00<\/h2>\t\t<\/div>\n\t\t\t\t<\/div>\n\t\t\t\t<\/div>\n\t\t\t\t\t<\/div>\n\t\t\t\t<\/div>\n\t\t<div class=\"elementor-element elementor-element-a84b2b7 e-con-full elementor-hidden-desktop elementor-hidden-tablet e-flex e-con e-parent\" data-id=\"a84b2b7\" data-element_type=\"container\" data-settings=\"{&quot;background_background&quot;:&quot;classic&quot;,&quot;jet_parallax_layout_list&quot;:[]}\">\n\t\t<div class=\"elementor-element elementor-element-75c04b6 e-con-full e-flex e-con e-child\" data-id=\"75c04b6\" data-element_type=\"container\" data-settings=\"{&quot;jet_parallax_layout_list&quot;:[]}\">\n\t\t\t\t<div class=\"elementor-element elementor-element-3f56b1c elementor-widget elementor-widget-heading\" data-id=\"3f56b1c\" data-element_type=\"widget\" data-widget_type=\"heading.default\">\n\t\t\t\t<div class=\"elementor-widget-container\">\n\t\t\t<h2 class=\"elementor-heading-title elementor-size-default\">Programa Educativo<\/h2>\t\t<\/div>\n\t\t\t\t<\/div>\n\t\t\t\t<\/div>\n\t\t<div class=\"elementor-element elementor-element-c9f5470 e-con-full e-flex e-con e-child\" data-id=\"c9f5470\" data-element_type=\"container\" data-settings=\"{&quot;jet_parallax_layout_list&quot;:[]}\">\n\t\t\t\t<div class=\"elementor-element elementor-element-01b84fc elementor-widget elementor-widget-heading\" data-id=\"01b84fc\" data-element_type=\"widget\" data-widget_type=\"heading.default\">\n\t\t\t\t<div class=\"elementor-widget-container\">\n\t\t\t<h2 class=\"elementor-heading-title elementor-size-default\">Desde: S\/ 85.00<\/h2>\t\t<\/div>\n\t\t\t\t<\/div>\n\t\t\t\t<\/div>\n\t\t<div class=\"elementor-element elementor-element-30b0708 e-con-full e-flex e-con e-child\" data-id=\"30b0708\" data-element_type=\"container\" data-settings=\"{&quot;jet_parallax_layout_list&quot;:[]}\">\n\t\t\t\t<div class=\"elementor-element elementor-element-c09b8c9 elementor-widget elementor-widget-text-editor\" data-id=\"c09b8c9\" data-element_type=\"widget\" data-widget_type=\"text-editor.default\">\n\t\t\t\t<div class=\"elementor-widget-container\">\n\t\t\t\t\t\t\t<p>Esta es una pre-reserva, el resto se paga en el planetario.<\/p>\n\t\t\t\t\t\t<\/div>\n\t\t\t\t<\/div>\n\t\t\t\t<\/div>\n\t\t\t\t<\/div>\n\t\t<div class=\"elementor-element elementor-element-50354dc e-flex e-con-boxed e-con e-parent\" data-id=\"50354dc\" data-element_type=\"container\" data-settings=\"{&quot;jet_parallax_layout_list&quot;:[]}\">\n\t\t\t\t\t<div class=\"e-con-inner\">\n\t\t<div class=\"elementor-element elementor-element-40dd604 e-con-full e-flex e-con e-child\" data-id=\"40dd604\" data-element_type=\"container\" data-settings=\"{&quot;jet_parallax_layout_list&quot;:[]}\">\n\t\t\t\t<div class=\"elementor-element elementor-element-06484a7 elementor-widget elementor-widget-image\" data-id=\"06484a7\" data-element_type=\"widget\" data-widget_type=\"image.default\">\n\t\t\t\t<div class=\"elementor-widget-container\">\n\t\t\t<style>\/*! elementor - v3.22.0 - 17-06-2024 *\/\n.elementor-widget-image{text-align:center}.elementor-widget-image a{display:inline-block}.elementor-widget-image a img[src$=\".svg\"]{width:48px}.elementor-widget-image img{vertical-align:middle;display:inline-block}<\/style>\t\t\t\t\t\t\t\t\t\t<img fetchpriority=\"high\" decoding=\"async\" width=\"500\" height=\"300\" src=\"https:\/\/planetariumcusco.com\/images\/2023\/11\/SocialProgram.jpg\" class=\"attachment-large size-large wp-image-42\" alt=\"\" srcset=\"https:\/\/planetariumcusco.com\/images\/2023\/11\/SocialProgram.jpg 500w, https:\/\/planetariumcusco.com\/images\/2023\/11\/SocialProgram-300x180.jpg 300w\" sizes=\"(max-width: 500px) 100vw, 500px\" \/>\t\t\t\t\t\t\t\t\t\t\t\t\t<\/div>\n\t\t\t\t<\/div>\n\t\t\t\t<div class=\"elementor-element elementor-element-51d3611 elementor-widget elementor-widget-text-editor\" data-id=\"51d3611\" data-element_type=\"widget\" data-widget_type=\"text-editor.default\">\n\t\t\t\t<div class=\"elementor-widget-container\">\n\t\t\t\t\t\t\t<p>Contamos con un excelente programa social durante el d\u00eda. Estos programas tienen un contenido especial que var\u00eda seg\u00fan la edad; Queremos que esta experiencia astron\u00f3mica est\u00e9 disponible para todos los ni\u00f1os de la ciudad y alrededores.<\/p>\n<p>Necesitamos un grupo de al menos 35 estudiantes y dos profesores. Las tarifas son atractivas en las presentaciones matutinas.<\/p>\n<p>Otras escuelas con un verdadero inter\u00e9s en aprender astronom\u00eda, pero con recursos insuficientes, por favor cont\u00e1ctenos para encontrar una soluci\u00f3n.<\/p>\n\t\t\t\t\t\t<\/div>\n\t\t\t\t<\/div>\n\t\t\t\t<div class=\"elementor-element elementor-element-3ac7307 daily-show elementor-widget elementor-widget-template\" data-id=\"3ac7307\" data-element_type=\"widget\" data-widget_type=\"template.default\">\n\t\t\t\t<div class=\"elementor-widget-container\">\n\t\t\t\t\t<div class=\"elementor-template\">\n\t\t\t\t\t<div data-elementor-type=\"section\" data-elementor-id=\"6709\" class=\"elementor elementor-6709\" data-elementor-post-type=\"elementor_library\">\n\t\t\t<div class=\"elementor-element elementor-element-cd9589c e-con-full e-flex e-con e-parent\" data-id=\"cd9589c\" data-element_type=\"container\" data-settings=\"{&quot;jet_parallax_layout_list&quot;:[],&quot;background_background&quot;:&quot;classic&quot;}\">\n\t\t\t\t<div class=\"elementor-element elementor-element-d7d4853 elementor-widget elementor-widget-heading\" data-id=\"d7d4853\" data-element_type=\"widget\" data-widget_type=\"heading.default\">\n\t\t\t\t<div class=\"elementor-widget-container\">\n\t\t\t<h2 class=\"elementor-heading-title elementor-size-default\">Schedule<\/h2>\t\t<\/div>\n\t\t\t\t<\/div>\n\t\t\t\t<div class=\"elementor-element elementor-element-4fc0e1a elementor-icon-list--layout-traditional elementor-list-item-link-full_width elementor-widget elementor-widget-icon-list\" data-id=\"4fc0e1a\" data-element_type=\"widget\" data-widget_type=\"icon-list.default\">\n\t\t\t\t<div class=\"elementor-widget-container\">\n\t\t\t<link rel=\"stylesheet\" href=\"https:\/\/planetariumcusco.com\/wp-content\/plugins\/elementor\/assets\/css\/widget-icon-list.min.css\">\t\t<ul class=\"elementor-icon-list-items\">\n\t\t\t\t\t\t\t<li class=\"elementor-icon-list-item\">\n\t\t\t\t\t\t\t\t\t\t\t<span class=\"elementor-icon-list-icon\">\n\t\t\t\t\t\t\t<svg aria-hidden=\"true\" class=\"e-font-icon-svg e-fas-dot-circle\" viewBox=\"0 0 512 512\" xmlns=\"http:\/\/www.w3.org\/2000\/svg\"><path d=\"M256 8C119.033 8 8 119.033 8 256s111.033 248 248 248 248-111.033 248-248S392.967 8 256 8zm80 248c0 44.112-35.888 80-80 80s-80-35.888-80-80 35.888-80 80-80 80 35.888 80 80z\"><\/path><\/svg>\t\t\t\t\t\t<\/span>\n\t\t\t\t\t\t\t\t\t\t<span class=\"elementor-icon-list-text\">Arrival at planetarium.<\/span>\n\t\t\t\t\t\t\t\t\t<\/li>\n\t\t\t\t\t\t\t\t<li class=\"elementor-icon-list-item\">\n\t\t\t\t\t\t\t\t\t\t\t<span class=\"elementor-icon-list-icon\">\n\t\t\t\t\t\t\t<svg aria-hidden=\"true\" class=\"e-font-icon-svg e-fas-dot-circle\" viewBox=\"0 0 512 512\" xmlns=\"http:\/\/www.w3.org\/2000\/svg\"><path d=\"M256 8C119.033 8 8 119.033 8 256s111.033 248 248 248 248-111.033 248-248S392.967 8 256 8zm80 248c0 44.112-35.888 80-80 80s-80-35.888-80-80 35.888-80 80-80 80 35.888 80 80z\"><\/path><\/svg>\t\t\t\t\t\t<\/span>\n\t\t\t\t\t\t\t\t\t\t<span class=\"elementor-icon-list-text\">Welcome and introductory explanation.<\/span>\n\t\t\t\t\t\t\t\t\t<\/li>\n\t\t\t\t\t\t\t\t<li class=\"elementor-icon-list-item\">\n\t\t\t\t\t\t\t\t\t\t\t<span class=\"elementor-icon-list-icon\">\n\t\t\t\t\t\t\t<svg aria-hidden=\"true\" class=\"e-font-icon-svg e-fas-dot-circle\" viewBox=\"0 0 512 512\" xmlns=\"http:\/\/www.w3.org\/2000\/svg\"><path d=\"M256 8C119.033 8 8 119.033 8 256s111.033 248 248 248 248-111.033 248-248S392.967 8 256 8zm80 248c0 44.112-35.888 80-80 80s-80-35.888-80-80 35.888-80 80-80 80 35.888 80 80z\"><\/path><\/svg>\t\t\t\t\t\t<\/span>\n\t\t\t\t\t\t\t\t\t\t<span class=\"elementor-icon-list-text\">Short introduction to the concept of astronomy and the Incan.<\/span>\n\t\t\t\t\t\t\t\t\t<\/li>\n\t\t\t\t\t\t\t\t<li class=\"elementor-icon-list-item\">\n\t\t\t\t\t\t\t\t\t\t\t<span class=\"elementor-icon-list-icon\">\n\t\t\t\t\t\t\t<svg aria-hidden=\"true\" class=\"e-font-icon-svg e-fas-dot-circle\" viewBox=\"0 0 512 512\" xmlns=\"http:\/\/www.w3.org\/2000\/svg\"><path d=\"M256 8C119.033 8 8 119.033 8 256s111.033 248 248 248 248-111.033 248-248S392.967 8 256 8zm80 248c0 44.112-35.888 80-80 80s-80-35.888-80-80 35.888-80 80-80 80 35.888 80 80z\"><\/path><\/svg>\t\t\t\t\t\t<\/span>\n\t\t\t\t\t\t\t\t\t\t<span class=\"elementor-icon-list-text\">Virtual projection in the dome, educational program for kids or video.<\/span>\n\t\t\t\t\t\t\t\t\t<\/li>\n\t\t\t\t\t\t\t\t<li class=\"elementor-icon-list-item\">\n\t\t\t\t\t\t\t\t\t\t\t<span class=\"elementor-icon-list-icon\">\n\t\t\t\t\t\t\t<svg aria-hidden=\"true\" class=\"e-font-icon-svg e-fas-dot-circle\" viewBox=\"0 0 512 512\" xmlns=\"http:\/\/www.w3.org\/2000\/svg\"><path d=\"M256 8C119.033 8 8 119.033 8 256s111.033 248 248 248 248-111.033 248-248S392.967 8 256 8zm80 248c0 44.112-35.888 80-80 80s-80-35.888-80-80 35.888-80 80-80 80 35.888 80 80z\"><\/path><\/svg>\t\t\t\t\t\t<\/span>\n\t\t\t\t\t\t\t\t\t\t<span class=\"elementor-icon-list-text\">Outdoors games.<\/span>\n\t\t\t\t\t\t\t\t\t<\/li>\n\t\t\t\t\t\t\t\t<li class=\"elementor-icon-list-item\">\n\t\t\t\t\t\t\t\t\t\t\t<span class=\"elementor-icon-list-icon\">\n\t\t\t\t\t\t\t<svg aria-hidden=\"true\" class=\"e-font-icon-svg e-fas-dot-circle\" viewBox=\"0 0 512 512\" xmlns=\"http:\/\/www.w3.org\/2000\/svg\"><path d=\"M256 8C119.033 8 8 119.033 8 256s111.033 248 248 248 248-111.033 248-248S392.967 8 256 8zm80 248c0 44.112-35.888 80-80 80s-80-35.888-80-80 35.888-80 80-80 80 35.888 80 80z\"><\/path><\/svg>\t\t\t\t\t\t<\/span>\n\t\t\t\t\t\t\t\t\t\t<span class=\"elementor-icon-list-text\">Time for snacks.<\/span>\n\t\t\t\t\t\t\t\t\t<\/li>\n\t\t\t\t\t\t\t\t<li class=\"elementor-icon-list-item\">\n\t\t\t\t\t\t\t\t\t\t\t<span class=\"elementor-icon-list-icon\">\n\t\t\t\t\t\t\t<svg aria-hidden=\"true\" class=\"e-font-icon-svg e-fas-dot-circle\" viewBox=\"0 0 512 512\" xmlns=\"http:\/\/www.w3.org\/2000\/svg\"><path d=\"M256 8C119.033 8 8 119.033 8 256s111.033 248 248 248 248-111.033 248-248S392.967 8 256 8zm80 248c0 44.112-35.888 80-80 80s-80-35.888-80-80 35.888-80 80-80 80 35.888 80 80z\"><\/path><\/svg>\t\t\t\t\t\t<\/span>\n\t\t\t\t\t\t\t\t\t\t<span class=\"elementor-icon-list-text\">Observation of the Sun through a special solar filter and a powerful telescope.<\/span>\n\t\t\t\t\t\t\t\t\t<\/li>\n\t\t\t\t\t\t<\/ul>\n\t\t\t\t<\/div>\n\t\t\t\t<\/div>\n\t\t\t\t<\/div>\n\t\t<div class=\"elementor-element elementor-element-09e3a4e e-flex e-con-boxed e-con e-parent\" data-id=\"09e3a4e\" data-element_type=\"container\" data-settings=\"{&quot;jet_parallax_layout_list&quot;:[]}\">\n\t\t\t\t\t<div class=\"e-con-inner\">\n\t\t\t\t\t<\/div>\n\t\t\t\t<\/div>\n\t\t\t\t<\/div>\n\t\t\t\t<\/div>\n\t\t\t\t<\/div>\n\t\t\t\t<\/div>\n\t\t\t\t<\/div>\n\t\t<div class=\"elementor-element elementor-element-78f7de3 e-con-full e-flex e-con e-child\" data-id=\"78f7de3\" data-element_type=\"container\" data-settings=\"{&quot;jet_parallax_layout_list&quot;:[]}\">\n\t\t\t\t<div class=\"elementor-element elementor-element-5bafa4f elementor-widget elementor-widget-html\" data-id=\"5bafa4f\" data-element_type=\"widget\" data-widget_type=\"html.default\">\n\t\t\t\t<div class=\"elementor-widget-container\">\n\t\t\t<iframe src=\"\/reservas.php\" borderframe=\"0\" height=\"900\"><\/iframe>\t\t<\/div>\n\t\t\t\t<\/div>\n\t\t\t\t<\/div>\n\t\t\t\t\t<\/div>\n\t\t\t\t<\/div>\n\t\t\t\t<\/div>\n\t\t","protected":false},"excerpt":{"rendered":"<p>Esta es una pre-reserva, el resto se paga en el planetario. Desde: S\/ 85.00 Desde: S\/ 85.00 Esta es una pre-reserva, el resto se paga en el planetario. Contamos con un excelente programa social durante el d\u00eda. Estos programas tienen un contenido especial que var\u00eda seg\u00fan la edad; Queremos que esta experiencia astron\u00f3mica est\u00e9 disponible [&hellip;]<\/p>\n","protected":false},"author":6,"featured_media":0,"parent":0,"menu_order":0,"comment_status":"closed","ping_status":"closed","template":"elementor_header_footer","meta":{"footnotes":""},"class_list":["post-6717","page","type-page","status-publish","hentry"],"yoast_head":"<!-- This site is optimized with the Yoast SEO Premium plugin v23.6 (Yoast SEO v23.6) - https:\/\/yoast.com\/wordpress\/plugins\/seo\/ -->\n<title>Programa Educativo - Planetarium Cusco<\/title>\n<meta name=\"robots\" content=\"index, follow, max-snippet:-1, max-image-preview:large, max-video-preview:-1\" \/>\n<link rel=\"canonical\" href=\"https:\/\/planetariumcusco.com\/es\/?page_id=6717\" \/>\n<meta property=\"og:locale\" content=\"es_ES\" \/>\n<meta property=\"og:type\" content=\"article\" \/>\n<meta property=\"og:title\" content=\"Programa Educativo\" \/>\n<meta property=\"og:description\" content=\"Esta es una pre-reserva, el resto se paga en el planetario. Desde: S\/ 85.00 Desde: S\/ 85.00 Esta es una pre-reserva, el resto se paga en el planetario. Contamos con un excelente programa social durante el d\u00eda. Estos programas tienen un contenido especial que var\u00eda seg\u00fan la edad; Queremos que esta experiencia astron\u00f3mica est\u00e9 disponible [&hellip;]\" \/>\n<meta property=\"og:url\" content=\"https:\/\/planetariumcusco.com\/es\/?page_id=6717\" \/>\n<meta property=\"og:site_name\" content=\"Planetarium Cusco\" \/>\n<meta property=\"article:modified_time\" content=\"2024-08-16T21:12:19+00:00\" \/>\n<meta property=\"og:image\" content=\"https:\/\/planetariumcusco.com\/images\/2023\/11\/SocialProgram.jpg\" \/>\n<meta name=\"twitter:card\" content=\"summary_large_image\" \/>\n<meta name=\"twitter:label1\" content=\"Tiempo de lectura\" \/>\n\t<meta name=\"twitter:data1\" content=\"1 minuto\" \/>\n<script type=\"application\/ld+json\" class=\"yoast-schema-graph\">{\"@context\":\"https:\/\/schema.org\",\"@graph\":[{\"@type\":\"WebPage\",\"@id\":\"https:\/\/planetariumcusco.com\/es\/?page_id=6717\",\"url\":\"https:\/\/planetariumcusco.com\/es\/?page_id=6717\",\"name\":\"Programa Educativo - Planetarium Cusco\",\"isPartOf\":{\"@id\":\"https:\/\/planetariumcusco.com\/#website\"},\"primaryImageOfPage\":{\"@id\":\"https:\/\/planetariumcusco.com\/es\/?page_id=6717#primaryimage\"},\"image\":{\"@id\":\"https:\/\/planetariumcusco.com\/es\/?page_id=6717#primaryimage\"},\"thumbnailUrl\":\"https:\/\/planetariumcusco.com\/images\/2023\/11\/SocialProgram.jpg\",\"datePublished\":\"2024-08-16T21:02:37+00:00\",\"dateModified\":\"2024-08-16T21:12:19+00:00\",\"breadcrumb\":{\"@id\":\"https:\/\/planetariumcusco.com\/es\/?page_id=6717#breadcrumb\"},\"inLanguage\":\"es\",\"potentialAction\":[{\"@type\":\"ReadAction\",\"target\":[\"https:\/\/planetariumcusco.com\/es\/?page_id=6717\"]}]},{\"@type\":\"ImageObject\",\"inLanguage\":\"es\",\"@id\":\"https:\/\/planetariumcusco.com\/es\/?page_id=6717#primaryimage\",\"url\":\"https:\/\/planetariumcusco.com\/images\/2023\/11\/SocialProgram.jpg\",\"contentUrl\":\"https:\/\/planetariumcusco.com\/images\/2023\/11\/SocialProgram.jpg\"},{\"@type\":\"BreadcrumbList\",\"@id\":\"https:\/\/planetariumcusco.com\/es\/?page_id=6717#breadcrumb\",\"itemListElement\":[{\"@type\":\"ListItem\",\"position\":1,\"name\":\"Home\",\"item\":\"https:\/\/planetariumcusco.com\/es\/home\/\"},{\"@type\":\"ListItem\",\"position\":2,\"name\":\"Programa Educativo\"}]},{\"@type\":\"WebSite\",\"@id\":\"https:\/\/planetariumcusco.com\/#website\",\"url\":\"https:\/\/planetariumcusco.com\/\",\"name\":\"Planetarium Cusco\",\"description\":\"Planetarium Experiences in Cusco\",\"potentialAction\":[{\"@type\":\"SearchAction\",\"target\":{\"@type\":\"EntryPoint\",\"urlTemplate\":\"https:\/\/planetariumcusco.com\/?s={search_term_string}\"},\"query-input\":{\"@type\":\"PropertyValueSpecification\",\"valueRequired\":true,\"valueName\":\"search_term_string\"}}],\"inLanguage\":\"es\"}]}<\/script>\n<!-- \/ Yoast SEO Premium plugin. -->","yoast_head_json":{"title":"Programa Educativo - Planetarium Cusco","robots":{"index":"index","follow":"follow","max-snippet":"max-snippet:-1","max-image-preview":"max-image-preview:large","max-video-preview":"max-video-preview:-1"},"canonical":"https:\/\/planetariumcusco.com\/es\/?page_id=6717","og_locale":"es_ES","og_type":"article","og_title":"Programa Educativo","og_description":"Esta es una pre-reserva, el resto se paga en el planetario. Desde: S\/ 85.00 Desde: S\/ 85.00 Esta es una pre-reserva, el resto se paga en el planetario. Contamos con un excelente programa social durante el d\u00eda. Estos programas tienen un contenido especial que var\u00eda seg\u00fan la edad; Queremos que esta experiencia astron\u00f3mica est\u00e9 disponible [&hellip;]","og_url":"https:\/\/planetariumcusco.com\/es\/?page_id=6717","og_site_name":"Planetarium Cusco","article_modified_time":"2024-08-16T21:12:19+00:00","og_image":[{"url":"https:\/\/planetariumcusco.com\/images\/2023\/11\/SocialProgram.jpg"}],"twitter_card":"summary_large_image","twitter_misc":{"Tiempo de lectura":"1 minuto"},"schema":{"@context":"https:\/\/schema.org","@graph":[{"@type":"WebPage","@id":"https:\/\/planetariumcusco.com\/es\/?page_id=6717","url":"https:\/\/planetariumcusco.com\/es\/?page_id=6717","name":"Programa Educativo - Planetarium Cusco","isPartOf":{"@id":"https:\/\/planetariumcusco.com\/#website"},"primaryImageOfPage":{"@id":"https:\/\/planetariumcusco.com\/es\/?page_id=6717#primaryimage"},"image":{"@id":"https:\/\/planetariumcusco.com\/es\/?page_id=6717#primaryimage"},"thumbnailUrl":"https:\/\/planetariumcusco.com\/images\/2023\/11\/SocialProgram.jpg","datePublished":"2024-08-16T21:02:37+00:00","dateModified":"2024-08-16T21:12:19+00:00","breadcrumb":{"@id":"https:\/\/planetariumcusco.com\/es\/?page_id=6717#breadcrumb"},"inLanguage":"es","potentialAction":[{"@type":"ReadAction","target":["https:\/\/planetariumcusco.com\/es\/?page_id=6717"]}]},{"@type":"ImageObject","inLanguage":"es","@id":"https:\/\/planetariumcusco.com\/es\/?page_id=6717#primaryimage","url":"https:\/\/planetariumcusco.com\/images\/2023\/11\/SocialProgram.jpg","contentUrl":"https:\/\/planetariumcusco.com\/images\/2023\/11\/SocialProgram.jpg"},{"@type":"BreadcrumbList","@id":"https:\/\/planetariumcusco.com\/es\/?page_id=6717#breadcrumb","itemListElement":[{"@type":"ListItem","position":1,"name":"Home","item":"https:\/\/planetariumcusco.com\/es\/home\/"},{"@type":"ListItem","position":2,"name":"Programa Educativo"}]},{"@type":"WebSite","@id":"https:\/\/planetariumcusco.com\/#website","url":"https:\/\/planetariumcusco.com\/","name":"Planetarium Cusco","description":"Planetarium Experiences in Cusco","potentialAction":[{"@type":"SearchAction","target":{"@type":"EntryPoint","urlTemplate":"https:\/\/planetariumcusco.com\/?s={search_term_string}"},"query-input":{"@type":"PropertyValueSpecification","valueRequired":true,"valueName":"search_term_string"}}],"inLanguage":"es"}]}},"_links":{"self":[{"href":"https:\/\/planetariumcusco.com\/es\/wp-json\/wp\/v2\/pages\/6717","targetHints":{"allow":["GET"]}}],"collection":[{"href":"https:\/\/planetariumcusco.com\/es\/wp-json\/wp\/v2\/pages"}],"about":[{"href":"https:\/\/planetariumcusco.com\/es\/wp-json\/wp\/v2\/types\/page"}],"author":[{"embeddable":true,"href":"https:\/\/planetariumcusco.com\/es\/wp-json\/wp\/v2\/users\/6"}],"replies":[{"embeddable":true,"href":"https:\/\/planetariumcusco.com\/es\/wp-json\/wp\/v2\/comments?post=6717"}],"version-history":[{"count":2,"href":"https:\/\/planetariumcusco.com\/es\/wp-json\/wp\/v2\/pages\/6717\/revisions"}],"predecessor-version":[{"id":6719,"href":"https:\/\/planetariumcusco.com\/es\/wp-json\/wp\/v2\/pages\/6717\/revisions\/6719"}],"wp:attachment":[{"href":"https:\/\/planetariumcusco.com\/es\/wp-json\/wp\/v2\/media?parent=6717"}],"curies":[{"name":"wp","href":"https:\/\/api.w.org\/{rel}","templated":true}]}}