{"id":4130,"date":"2023-11-24T13:06:04","date_gmt":"2023-11-24T18:06:04","guid":{"rendered":"https:\/\/planetariumcusco.com\/contacto\/"},"modified":"2026-01-09T16:11:40","modified_gmt":"2026-01-09T21:11:40","slug":"contacto","status":"publish","type":"page","link":"https:\/\/planetariumcusco.com\/es\/contacto\/","title":{"rendered":"Contacto"},"content":{"rendered":"\t\t<div data-elementor-type=\"wp-page\" data-elementor-id=\"4130\" class=\"elementor elementor-4130 elementor-337\" data-elementor-post-type=\"page\">\n\t\t\t\t\t\t<section class=\"elementor-section elementor-top-section elementor-element elementor-element-7dca6b2 elementor-section-height-min-height elementor-section-boxed elementor-section-height-default elementor-section-items-middle\" data-id=\"7dca6b2\" data-element_type=\"section\" data-settings=\"{&quot;jet_parallax_layout_list&quot;:[],&quot;background_background&quot;:&quot;classic&quot;}\">\n\t\t\t\t\t\t<div class=\"elementor-container elementor-column-gap-default\">\n\t\t\t\t\t<div class=\"elementor-column elementor-col-100 elementor-top-column elementor-element elementor-element-9fc60bb\" data-id=\"9fc60bb\" data-element_type=\"column\">\n\t\t\t<div class=\"elementor-widget-wrap\">\n\t\t\t\t\t\t\t<\/div>\n\t\t<\/div>\n\t\t\t\t\t<\/div>\n\t\t<\/section>\n\t\t\t\t<section class=\"elementor-section elementor-top-section elementor-element elementor-element-f6d3133 elementor-section-boxed elementor-section-height-default elementor-section-height-default\" data-id=\"f6d3133\" data-element_type=\"section\" data-settings=\"{&quot;jet_parallax_layout_list&quot;:[],&quot;background_background&quot;:&quot;classic&quot;}\">\n\t\t\t\t\t\t<div class=\"elementor-container elementor-column-gap-default\">\n\t\t\t\t\t<div class=\"elementor-column elementor-col-100 elementor-top-column elementor-element elementor-element-3969974\" data-id=\"3969974\" data-element_type=\"column\">\n\t\t\t<div class=\"elementor-widget-wrap elementor-element-populated\">\n\t\t\t\t\t\t<div class=\"elementor-element elementor-element-dc0ccf4 elementor-widget elementor-widget-heading\" data-id=\"dc0ccf4\" data-element_type=\"widget\" data-widget_type=\"heading.default\">\n\t\t\t\t<div class=\"elementor-widget-container\">\n\t\t\t<style>\/*! elementor - v3.22.0 - 17-06-2024 *\/\n.elementor-heading-title{padding:0;margin:0;line-height:1}.elementor-widget-heading .elementor-heading-title[class*=elementor-size-]>a{color:inherit;font-size:inherit;line-height:inherit}.elementor-widget-heading .elementor-heading-title.elementor-size-small{font-size:15px}.elementor-widget-heading .elementor-heading-title.elementor-size-medium{font-size:19px}.elementor-widget-heading .elementor-heading-title.elementor-size-large{font-size:29px}.elementor-widget-heading .elementor-heading-title.elementor-size-xl{font-size:39px}.elementor-widget-heading .elementor-heading-title.elementor-size-xxl{font-size:59px}<\/style><h2 class=\"elementor-heading-title elementor-size-default\">Cont\u00e1ctenos  <\/h2>\t\t<\/div>\n\t\t\t\t<\/div>\n\t\t\t\t<div class=\"elementor-element elementor-element-fb9339b elementor-widget elementor-widget-jet-form-builder-form\" data-id=\"fb9339b\" data-element_type=\"widget\" data-widget_type=\"jet-form-builder-form.default\">\n\t\t\t\t<div class=\"elementor-widget-container\">\n\t\t\t<link rel='stylesheet' id='wp-block-library-css' href='https:\/\/planetariumcusco.com\/wp-includes\/css\/dist\/block-library\/style.min.css?ver=6.9.4' type='text\/css' media='all' \/>\n<style id=\"jet-form-builder-367-inline-css\"><\/style><form  class=\"jet-form-builder layout-column submit-type-reload\" action=\"https:\/\/planetariumcusco.com\/es\/wp-json\/wp\/v2\/pages\/4130\/?jet_form_builder_submit=submit&amp;method=reload\" method=\"POST\" data-form-id=\"367\" data-layout=\"column\" enctype=\"multipart\/form-data\" novalidate=\"null\">\r\n<input type=\"hidden\" name=\"_jfb_current_render_states[]\" value=\"DEFAULT.STATE\" data-jfb-sync \/><input type=\"hidden\" class=\"jet-form-builder__field hidden-field\" name=\"_jet_engine_booking_form_id\" data-field-name=\"_jet_engine_booking_form_id\" value=\"367\">\n<input type=\"hidden\" class=\"jet-form-builder__field hidden-field\" name=\"_jet_engine_refer\" data-field-name=\"_jet_engine_refer\" value=\"https:\/\/planetariumcusco.com\/es\/wp-json\/wp\/v2\/pages\/4130\/\">\n<input type=\"hidden\" class=\"jet-form-builder__field hidden-field\" name=\"__queried_post_id\" data-field-name=\"__queried_post_id\" value=\"4130\">\n\n<input type=\"hidden\" class=\"jet-form-builder__field hidden-field\" name=\"post_id\" data-field-name=\"post_id\" data-jfb-sync=\"null\" value=\"4130\">\n\n\n\n\n<input type=\"hidden\" class=\"jet-form-builder__field hidden-field\" name=\"Title_hidden\" data-field-name=\"Title_hidden\" data-jfb-sync=\"null\" value=\"Contacto\">\n\n\n\n<div  class=\"jet-form-builder-row field-type-text-field\" >\n<div class=\"jet-form-builder__label\">\r\n<div class=\"jet-form-builder__label-text\">Name:  <span class=\"jet-form-builder__required\">*<\/span><\/div><\/div><div class=\"jet-form-builder__field-wrap\">\n\t<input required=\"required\" name=\"name\" id=\"name\" type=\"text\" data-field-name=\"name\" class=\"jet-form-builder__field text-field\" data-jfb-sync=\"null\">\n<\/div>\n<\/div>\n\n<div  class=\"jet-form-builder-row field-type-text-field\" >\n<div class=\"jet-form-builder__label\">\r\n<div class=\"jet-form-builder__label-text\">Email:  <span class=\"jet-form-builder__required\">*<\/span><\/div><\/div><div class=\"jet-form-builder__field-wrap\">\n\t<input required=\"required\" name=\"email\" id=\"email\" type=\"email\" data-field-name=\"email\" class=\"jet-form-builder__field text-field\" data-jfb-sync=\"null\">\n<\/div>\n<\/div>\n\n<div  class=\"jet-form-builder-row field-type-text-field\" >\n<div class=\"jet-form-builder__label\">\r\n<div class=\"jet-form-builder__label-text\">Phone: <span class=\"jet-form-builder__required\">*<\/span><\/div><\/div><div class=\"jet-form-builder__field-wrap\">\n\t<input required=\"required\" name=\"phone\" id=\"phone\" type=\"tel\" data-field-name=\"phone\" class=\"jet-form-builder__field text-field\" data-jfb-sync=\"null\">\n<\/div>\n<\/div>\n\n<div  class=\"jet-form-builder-row field-type-textarea-field\" >\n<div class=\"jet-form-builder__label\">\r\n<div class=\"jet-form-builder__label-text\">Message: <\/div><\/div><div class=\"jet-form-builder__field-wrap\">\n\t<textarea class=\"jet-form-builder__field textarea-field\" name=\"message\" data-field-name=\"message\" id=\"message\" data-jfb-sync=\"null\"><\/textarea>\n<\/div>\n<\/div>\n\n\n<div class=\"wp-block-columns is-layout-flex wp-container-core-columns-is-layout-9d6595d7 wp-block-columns-is-layout-flex\">\n<div class=\"wp-block-column is-layout-flow wp-block-column-is-layout-flow\"><input type=\"hidden\" class=\"captcha-token\" name=\"_captcha_token\" value=\"\"\/><div  class=\"jet-form-builder-row field-type-submit-field\" >\n\t<div data-type=\"submit\" class=\"jet-form-builder__action-button-wrapper jet-form-builder__submit-wrap\">\n\t<button class=\"jet-form-builder__action-button jet-form-builder__submit submit-type-reload\" type=\"submit\">Submit<\/button>\n\t<\/div>\n\t\n<\/div><\/div>\n<\/div>\n\t<div class=\"jet-form-builder-messages-wrap\" data-form-id=\"367\"><\/div>\n<\/form>\n\t\t<\/div>\n\t\t\t\t<\/div>\n\t\t\t\t<div class=\"elementor-element elementor-element-b3aeeda elementor-widget elementor-widget-text-editor\" data-id=\"b3aeeda\" data-element_type=\"widget\" data-widget_type=\"text-editor.default\">\n\t\t\t\t<div class=\"elementor-widget-container\">\n\t\t\t<style>\/*! elementor - v3.22.0 - 17-06-2024 *\/\n.elementor-widget-text-editor.elementor-drop-cap-view-stacked .elementor-drop-cap{background-color:#69727d;color:#fff}.elementor-widget-text-editor.elementor-drop-cap-view-framed .elementor-drop-cap{color:#69727d;border:3px solid;background-color:transparent}.elementor-widget-text-editor:not(.elementor-drop-cap-view-default) .elementor-drop-cap{margin-top:8px}.elementor-widget-text-editor:not(.elementor-drop-cap-view-default) .elementor-drop-cap-letter{width:1em;height:1em}.elementor-widget-text-editor .elementor-drop-cap{float:left;text-align:center;line-height:1;font-size:50px}.elementor-widget-text-editor .elementor-drop-cap-letter{display:inline-block}<\/style>\t\t\t\t<p>Correo electr\u00f3nico: info@planetariumcusco.com<\/p>\n<p>Tel: +51 974877776 (whatsapp)<\/p>\n\t\t\t\t\t\t<\/div>\n\t\t\t\t<\/div>\n\t\t\t\t\t<\/div>\n\t\t<\/div>\n\t\t\t\t\t<\/div>\n\t\t<\/section>\n\t\t\t\t<section class=\"elementor-section elementor-top-section elementor-element elementor-element-aa18f2b elementor-section-boxed elementor-section-height-default elementor-section-height-default\" data-id=\"aa18f2b\" data-element_type=\"section\" data-settings=\"{&quot;jet_parallax_layout_list&quot;:[],&quot;background_background&quot;:&quot;classic&quot;}\">\n\t\t\t\t\t\t<div class=\"elementor-container elementor-column-gap-default\">\n\t\t\t\t\t<div class=\"elementor-column elementor-col-50 elementor-top-column elementor-element elementor-element-7913fcc\" data-id=\"7913fcc\" data-element_type=\"column\">\n\t\t\t<div class=\"elementor-widget-wrap elementor-element-populated\">\n\t\t\t\t\t\t<div class=\"elementor-element elementor-element-68942ca elementor-widget elementor-widget-heading\" data-id=\"68942ca\" data-element_type=\"widget\" data-widget_type=\"heading.default\">\n\t\t\t\t<div class=\"elementor-widget-container\">\n\t\t\t<p class=\"elementor-heading-title elementor-size-default\">\u00bfD\u00f3nde comienza el viaje? En primer lugar, tienes que reservar tu visita.<\/p>\t\t<\/div>\n\t\t\t\t<\/div>\n\t\t\t\t<div class=\"elementor-element elementor-element-cfbb33c elementor-widget elementor-widget-text-editor\" data-id=\"cfbb33c\" data-element_type=\"widget\" data-widget_type=\"text-editor.default\">\n\t\t\t\t<div class=\"elementor-widget-container\">\n\t\t\t\t\t\t\t<p>El viaje comienza a las 6:00 pm en un punto de recogida, ya que el transporte est\u00e1 incluido como una opci\u00f3n m\u00e1s f\u00e1cil y ecol\u00f3gica en un servicio compartido. \u00a1Ida y vuelta, por supuesto!<\/p>\n\t\t\t\t\t\t<\/div>\n\t\t\t\t<\/div>\n\t\t\t\t<div class=\"elementor-element elementor-element-b40780a elementor-widget elementor-widget-jet-button\" data-id=\"b40780a\" data-element_type=\"widget\" data-widget_type=\"jet-button.default\">\n\t\t\t\t<div class=\"elementor-widget-container\">\n\t\t\t<div class=\"elementor-jet-button jet-elements\"><div class=\"jet-button__container\">\n\t<a class=\"jet-button__instance jet-button__instance--icon-left hover-effect-0\" href=\"https:\/\/planetariumcusco.com\/es\/shop\/presentacion-diaria\/\" target=\"_blank\">\n\t\t<div class=\"jet-button__plane jet-button__plane-normal\"><\/div>\n\t\t<div class=\"jet-button__plane jet-button__plane-hover\"><\/div>\n\t\t<div class=\"jet-button__state jet-button__state-normal\">\n\t\t\t<span class=\"jet-button__label\">Reserva aqu\u00ed<\/span>\t\t<\/div>\n\t\t<div class=\"jet-button__state jet-button__state-hover\">\n\t\t\t<span class=\"jet-button__label\">Reserva aqu\u00ed<\/span>\t\t<\/div>\n\t<\/a>\n<\/div>\n<\/div>\t\t<\/div>\n\t\t\t\t<\/div>\n\t\t\t\t\t<\/div>\n\t\t<\/div>\n\t\t\t\t<div class=\"elementor-column elementor-col-50 elementor-top-column elementor-element elementor-element-ce996bf\" data-id=\"ce996bf\" data-element_type=\"column\">\n\t\t\t<div class=\"elementor-widget-wrap elementor-element-populated\">\n\t\t\t\t\t\t<div class=\"elementor-element elementor-element-bbf5e19 elementor-widget elementor-widget-image\" data-id=\"bbf5e19\" data-element_type=\"widget\" data-widget_type=\"image.default\">\n\t\t\t\t<div class=\"elementor-widget-container\">\n\t\t\t<style>\/*! elementor - v3.22.0 - 17-06-2024 *\/\n.elementor-widget-image{text-align:center}.elementor-widget-image a{display:inline-block}.elementor-widget-image a img[src$=\".svg\"]{width:48px}.elementor-widget-image img{vertical-align:middle;display:inline-block}<\/style>\t\t\t\t\t\t\t\t\t\t<img fetchpriority=\"high\" decoding=\"async\" width=\"621\" height=\"243\" src=\"https:\/\/planetariumcusco.com\/images\/2023\/11\/Icono-Bus.png\" class=\"attachment-large size-large wp-image-128\" alt=\"\" srcset=\"https:\/\/planetariumcusco.com\/images\/2023\/11\/Icono-Bus.png 621w, https:\/\/planetariumcusco.com\/images\/2023\/11\/Icono-Bus-600x235.png 600w, https:\/\/planetariumcusco.com\/images\/2023\/11\/Icono-Bus-300x117.png 300w\" sizes=\"(max-width: 621px) 100vw, 621px\" \/>\t\t\t\t\t\t\t\t\t\t\t\t\t<\/div>\n\t\t\t\t<\/div>\n\t\t\t\t\t<\/div>\n\t\t<\/div>\n\t\t\t\t\t<\/div>\n\t\t<\/section>\n\t\t\t\t<\/div>\n\t\t","protected":false},"excerpt":{"rendered":"<p>Cont\u00e1ctenos Name: * Email: * Phone: * Message: Submit Correo electr\u00f3nico: info@planetariumcusco.com Tel: +51 974877776 (whatsapp) \u00bfD\u00f3nde comienza el viaje? En primer lugar, tienes que reservar tu visita. El viaje comienza a las 6:00 pm en un punto de recogida, ya que el transporte est\u00e1 incluido como una opci\u00f3n m\u00e1s f\u00e1cil y ecol\u00f3gica en un [&hellip;]<\/p>\n","protected":false},"author":6,"featured_media":0,"parent":0,"menu_order":0,"comment_status":"closed","ping_status":"closed","template":"elementor_header_footer","meta":{"footnotes":""},"class_list":["post-4130","page","type-page","status-publish","hentry"],"yoast_head":"<!-- This site is optimized with the Yoast SEO Premium plugin v23.6 (Yoast SEO v23.6) - https:\/\/yoast.com\/wordpress\/plugins\/seo\/ -->\n<title>Contacto - Planetarium Cusco<\/title>\n<meta name=\"robots\" content=\"index, follow, max-snippet:-1, max-image-preview:large, max-video-preview:-1\" \/>\n<link rel=\"canonical\" href=\"https:\/\/planetariumcusco.com\/es\/contacto\/\" \/>\n<meta property=\"og:locale\" content=\"es_ES\" \/>\n<meta property=\"og:type\" content=\"article\" \/>\n<meta property=\"og:title\" content=\"Contacto\" \/>\n<meta property=\"og:description\" content=\"Cont\u00e1ctenos Name: * Email: * Phone: * Message: Submit Correo electr\u00f3nico: info@planetariumcusco.com Tel: +51 974877776 (whatsapp) \u00bfD\u00f3nde comienza el viaje? En primer lugar, tienes que reservar tu visita. El viaje comienza a las 6:00 pm en un punto de recogida, ya que el transporte est\u00e1 incluido como una opci\u00f3n m\u00e1s f\u00e1cil y ecol\u00f3gica en un [&hellip;]\" \/>\n<meta property=\"og:url\" content=\"https:\/\/planetariumcusco.com\/es\/contacto\/\" \/>\n<meta property=\"og:site_name\" content=\"Planetarium Cusco\" \/>\n<meta property=\"article:modified_time\" content=\"2026-01-09T21:11:40+00:00\" \/>\n<meta property=\"og:image\" content=\"https:\/\/planetariumcusco.com\/images\/2023\/11\/Icono-Bus.png\" \/>\n\t<meta property=\"og:image:width\" content=\"621\" \/>\n\t<meta property=\"og:image:height\" content=\"243\" \/>\n\t<meta property=\"og:image:type\" content=\"image\/png\" \/>\n<meta name=\"twitter:card\" content=\"summary_large_image\" \/>\n<script type=\"application\/ld+json\" class=\"yoast-schema-graph\">{\"@context\":\"https:\/\/schema.org\",\"@graph\":[{\"@type\":\"WebPage\",\"@id\":\"https:\/\/planetariumcusco.com\/es\/contacto\/\",\"url\":\"https:\/\/planetariumcusco.com\/es\/contacto\/\",\"name\":\"Contacto - Planetarium Cusco\",\"isPartOf\":{\"@id\":\"https:\/\/planetariumcusco.com\/#website\"},\"primaryImageOfPage\":{\"@id\":\"https:\/\/planetariumcusco.com\/es\/contacto\/#primaryimage\"},\"image\":{\"@id\":\"https:\/\/planetariumcusco.com\/es\/contacto\/#primaryimage\"},\"thumbnailUrl\":\"https:\/\/planetariumcusco.com\/images\/2023\/11\/Icono-Bus.png\",\"datePublished\":\"2023-11-24T18:06:04+00:00\",\"dateModified\":\"2026-01-09T21:11:40+00:00\",\"breadcrumb\":{\"@id\":\"https:\/\/planetariumcusco.com\/es\/contacto\/#breadcrumb\"},\"inLanguage\":\"es\",\"potentialAction\":[{\"@type\":\"ReadAction\",\"target\":[\"https:\/\/planetariumcusco.com\/es\/contacto\/\"]}]},{\"@type\":\"ImageObject\",\"inLanguage\":\"es\",\"@id\":\"https:\/\/planetariumcusco.com\/es\/contacto\/#primaryimage\",\"url\":\"https:\/\/planetariumcusco.com\/images\/2023\/11\/Icono-Bus.png\",\"contentUrl\":\"https:\/\/planetariumcusco.com\/images\/2023\/11\/Icono-Bus.png\"},{\"@type\":\"BreadcrumbList\",\"@id\":\"https:\/\/planetariumcusco.com\/es\/contacto\/#breadcrumb\",\"itemListElement\":[{\"@type\":\"ListItem\",\"position\":1,\"name\":\"Home\",\"item\":\"https:\/\/planetariumcusco.com\/\"},{\"@type\":\"ListItem\",\"position\":2,\"name\":\"Contacto\"}]},{\"@type\":\"WebSite\",\"@id\":\"https:\/\/planetariumcusco.com\/#website\",\"url\":\"https:\/\/planetariumcusco.com\/\",\"name\":\"Planetarium Cusco\",\"description\":\"Planetarium Experiences in Cusco\",\"potentialAction\":[{\"@type\":\"SearchAction\",\"target\":{\"@type\":\"EntryPoint\",\"urlTemplate\":\"https:\/\/planetariumcusco.com\/?s={search_term_string}\"},\"query-input\":{\"@type\":\"PropertyValueSpecification\",\"valueRequired\":true,\"valueName\":\"search_term_string\"}}],\"inLanguage\":\"es\"}]}<\/script>\n<!-- \/ Yoast SEO Premium plugin. -->","yoast_head_json":{"title":"Contacto - Planetarium Cusco","robots":{"index":"index","follow":"follow","max-snippet":"max-snippet:-1","max-image-preview":"max-image-preview:large","max-video-preview":"max-video-preview:-1"},"canonical":"https:\/\/planetariumcusco.com\/es\/contacto\/","og_locale":"es_ES","og_type":"article","og_title":"Contacto","og_description":"Cont\u00e1ctenos Name: * Email: * Phone: * Message: Submit Correo electr\u00f3nico: info@planetariumcusco.com Tel: +51 974877776 (whatsapp) \u00bfD\u00f3nde comienza el viaje? En primer lugar, tienes que reservar tu visita. El viaje comienza a las 6:00 pm en un punto de recogida, ya que el transporte est\u00e1 incluido como una opci\u00f3n m\u00e1s f\u00e1cil y ecol\u00f3gica en un [&hellip;]","og_url":"https:\/\/planetariumcusco.com\/es\/contacto\/","og_site_name":"Planetarium Cusco","article_modified_time":"2026-01-09T21:11:40+00:00","og_image":[{"width":621,"height":243,"url":"https:\/\/planetariumcusco.com\/images\/2023\/11\/Icono-Bus.png","type":"image\/png"}],"twitter_card":"summary_large_image","schema":{"@context":"https:\/\/schema.org","@graph":[{"@type":"WebPage","@id":"https:\/\/planetariumcusco.com\/es\/contacto\/","url":"https:\/\/planetariumcusco.com\/es\/contacto\/","name":"Contacto - Planetarium Cusco","isPartOf":{"@id":"https:\/\/planetariumcusco.com\/#website"},"primaryImageOfPage":{"@id":"https:\/\/planetariumcusco.com\/es\/contacto\/#primaryimage"},"image":{"@id":"https:\/\/planetariumcusco.com\/es\/contacto\/#primaryimage"},"thumbnailUrl":"https:\/\/planetariumcusco.com\/images\/2023\/11\/Icono-Bus.png","datePublished":"2023-11-24T18:06:04+00:00","dateModified":"2026-01-09T21:11:40+00:00","breadcrumb":{"@id":"https:\/\/planetariumcusco.com\/es\/contacto\/#breadcrumb"},"inLanguage":"es","potentialAction":[{"@type":"ReadAction","target":["https:\/\/planetariumcusco.com\/es\/contacto\/"]}]},{"@type":"ImageObject","inLanguage":"es","@id":"https:\/\/planetariumcusco.com\/es\/contacto\/#primaryimage","url":"https:\/\/planetariumcusco.com\/images\/2023\/11\/Icono-Bus.png","contentUrl":"https:\/\/planetariumcusco.com\/images\/2023\/11\/Icono-Bus.png"},{"@type":"BreadcrumbList","@id":"https:\/\/planetariumcusco.com\/es\/contacto\/#breadcrumb","itemListElement":[{"@type":"ListItem","position":1,"name":"Home","item":"https:\/\/planetariumcusco.com\/"},{"@type":"ListItem","position":2,"name":"Contacto"}]},{"@type":"WebSite","@id":"https:\/\/planetariumcusco.com\/#website","url":"https:\/\/planetariumcusco.com\/","name":"Planetarium Cusco","description":"Planetarium Experiences in Cusco","potentialAction":[{"@type":"SearchAction","target":{"@type":"EntryPoint","urlTemplate":"https:\/\/planetariumcusco.com\/?s={search_term_string}"},"query-input":{"@type":"PropertyValueSpecification","valueRequired":true,"valueName":"search_term_string"}}],"inLanguage":"es"}]}},"_links":{"self":[{"href":"https:\/\/planetariumcusco.com\/es\/wp-json\/wp\/v2\/pages\/4130","targetHints":{"allow":["GET"]}}],"collection":[{"href":"https:\/\/planetariumcusco.com\/es\/wp-json\/wp\/v2\/pages"}],"about":[{"href":"https:\/\/planetariumcusco.com\/es\/wp-json\/wp\/v2\/types\/page"}],"author":[{"embeddable":true,"href":"https:\/\/planetariumcusco.com\/es\/wp-json\/wp\/v2\/users\/6"}],"replies":[{"embeddable":true,"href":"https:\/\/planetariumcusco.com\/es\/wp-json\/wp\/v2\/comments?post=4130"}],"version-history":[{"count":4,"href":"https:\/\/planetariumcusco.com\/es\/wp-json\/wp\/v2\/pages\/4130\/revisions"}],"predecessor-version":[{"id":8027,"href":"https:\/\/planetariumcusco.com\/es\/wp-json\/wp\/v2\/pages\/4130\/revisions\/8027"}],"wp:attachment":[{"href":"https:\/\/planetariumcusco.com\/es\/wp-json\/wp\/v2\/media?parent=4130"}],"curies":[{"name":"wp","href":"https:\/\/api.w.org\/{rel}","templated":true}]}}